{"id":313,"date":"2026-04-09T14:57:50","date_gmt":"2026-04-09T14:57:50","guid":{"rendered":"https:\/\/renouvdaaf.com\/?post_type=product&#038;p=313"},"modified":"2026-05-05T09:23:26","modified_gmt":"2026-05-05T09:23:26","slug":"angeleye-50501-ae-fr","status":"publish","type":"product","link":"https:\/\/renouvdaaf.com\/index.php\/produit\/angeleye-50501-ae-fr\/","title":{"rendered":"ANGELEYE 50501-AE-FR"},"content":{"rendered":"","protected":false},"excerpt":{"rendered":"","protected":false},"featured_media":27,"comment_status":"open","ping_status":"closed","template":"","meta":[],"product_brand":[33],"product_cat":[34],"product_tag":[],"class_list":{"0":"post-313","1":"product","2":"type-product","3":"status-publish","4":"has-post-thumbnail","6":"product_brand-brk","7":"product_cat-detecteur-de-fumee-pile-alcaline","9":"first","10":"instock","11":"shipping-taxable","12":"purchasable","13":"product-type-simple"},"yoast_head":"<!-- This site is optimized with the Yoast SEO plugin v27.5 - https:\/\/yoast.com\/product\/yoast-seo-wordpress\/ -->\n<title>ANGELEYE 50501-AE-FR - Renouvdaaf<\/title>\n<meta name=\"robots\" content=\"index, follow, max-snippet:-1, max-image-preview:large, max-video-preview:-1\" \/>\n<link rel=\"canonical\" href=\"https:\/\/renouvdaaf.com\/index.php\/produit\/angeleye-50501-ae-fr\/\" \/>\n<meta property=\"og:locale\" content=\"fr_FR\" \/>\n<meta property=\"og:type\" content=\"article\" \/>\n<meta property=\"og:title\" content=\"ANGELEYE 50501-AE-FR - Renouvdaaf\" \/>\n<meta property=\"og:url\" content=\"https:\/\/renouvdaaf.com\/index.php\/produit\/angeleye-50501-ae-fr\/\" \/>\n<meta property=\"og:site_name\" content=\"Renouvdaaf\" \/>\n<meta property=\"article:modified_time\" content=\"2026-05-05T09:23:26+00:00\" \/>\n<meta property=\"og:image\" content=\"https:\/\/renouvdaaf.com\/wp-content\/uploads\/2026\/03\/detecteur-de-fumee-brk-sa410.jpg\" \/>\n\t<meta property=\"og:image:width\" content=\"1600\" \/>\n\t<meta property=\"og:image:height\" content=\"1200\" \/>\n\t<meta property=\"og:image:type\" content=\"image\/jpeg\" \/>\n<meta name=\"twitter:card\" content=\"summary_large_image\" \/>\n<meta name=\"twitter:label1\" content=\"Dur\u00e9e de lecture estim\u00e9e\" \/>\n\t<meta name=\"twitter:data1\" content=\"1 minute\" \/>\n<script type=\"application\/ld+json\" class=\"yoast-schema-graph\">{\"@context\":\"https:\\\/\\\/schema.org\",\"@graph\":[{\"@type\":\"WebPage\",\"@id\":\"https:\\\/\\\/renouvdaaf.com\\\/index.php\\\/produit\\\/angeleye-50501-ae-fr\\\/\",\"url\":\"https:\\\/\\\/renouvdaaf.com\\\/index.php\\\/produit\\\/angeleye-50501-ae-fr\\\/\",\"name\":\"ANGELEYE 50501-AE-FR - Renouvdaaf\",\"isPartOf\":{\"@id\":\"https:\\\/\\\/renouvdaaf.com\\\/#website\"},\"primaryImageOfPage\":{\"@id\":\"https:\\\/\\\/renouvdaaf.com\\\/index.php\\\/produit\\\/angeleye-50501-ae-fr\\\/#primaryimage\"},\"image\":{\"@id\":\"https:\\\/\\\/renouvdaaf.com\\\/index.php\\\/produit\\\/angeleye-50501-ae-fr\\\/#primaryimage\"},\"thumbnailUrl\":\"https:\\\/\\\/renouvdaaf.com\\\/wp-content\\\/uploads\\\/2026\\\/03\\\/detecteur-de-fumee-brk-sa410.jpg\",\"datePublished\":\"2026-04-09T14:57:50+00:00\",\"dateModified\":\"2026-05-05T09:23:26+00:00\",\"breadcrumb\":{\"@id\":\"https:\\\/\\\/renouvdaaf.com\\\/index.php\\\/produit\\\/angeleye-50501-ae-fr\\\/#breadcrumb\"},\"inLanguage\":\"fr-FR\",\"potentialAction\":[{\"@type\":\"ReadAction\",\"target\":[\"https:\\\/\\\/renouvdaaf.com\\\/index.php\\\/produit\\\/angeleye-50501-ae-fr\\\/\"]}]},{\"@type\":\"ImageObject\",\"inLanguage\":\"fr-FR\",\"@id\":\"https:\\\/\\\/renouvdaaf.com\\\/index.php\\\/produit\\\/angeleye-50501-ae-fr\\\/#primaryimage\",\"url\":\"https:\\\/\\\/renouvdaaf.com\\\/wp-content\\\/uploads\\\/2026\\\/03\\\/detecteur-de-fumee-brk-sa410.jpg\",\"contentUrl\":\"https:\\\/\\\/renouvdaaf.com\\\/wp-content\\\/uploads\\\/2026\\\/03\\\/detecteur-de-fumee-brk-sa410.jpg\",\"width\":1600,\"height\":1200},{\"@type\":\"BreadcrumbList\",\"@id\":\"https:\\\/\\\/renouvdaaf.com\\\/index.php\\\/produit\\\/angeleye-50501-ae-fr\\\/#breadcrumb\",\"itemListElement\":[{\"@type\":\"ListItem\",\"position\":1,\"name\":\"Accueil\",\"item\":\"https:\\\/\\\/renouvdaaf.com\\\/\"},{\"@type\":\"ListItem\",\"position\":2,\"name\":\"Shop\",\"item\":\"https:\\\/\\\/renouvdaaf.com\\\/index.php\\\/shop\\\/\"},{\"@type\":\"ListItem\",\"position\":3,\"name\":\"ANGELEYE 50501-AE-FR\"}]},{\"@type\":\"WebSite\",\"@id\":\"https:\\\/\\\/renouvdaaf.com\\\/#website\",\"url\":\"https:\\\/\\\/renouvdaaf.com\\\/\",\"name\":\"Renouvdaaf\",\"description\":\"S\u00e9curit\u00e9 incendie sans per\u00e7age\",\"publisher\":{\"@id\":\"https:\\\/\\\/renouvdaaf.com\\\/#organization\"},\"potentialAction\":[{\"@type\":\"SearchAction\",\"target\":{\"@type\":\"EntryPoint\",\"urlTemplate\":\"https:\\\/\\\/renouvdaaf.com\\\/?s={search_term_string}\"},\"query-input\":{\"@type\":\"PropertyValueSpecification\",\"valueRequired\":true,\"valueName\":\"search_term_string\"}}],\"inLanguage\":\"fr-FR\"},{\"@type\":\"Organization\",\"@id\":\"https:\\\/\\\/renouvdaaf.com\\\/#organization\",\"name\":\"Renouvdaaf\",\"url\":\"https:\\\/\\\/renouvdaaf.com\\\/\",\"logo\":{\"@type\":\"ImageObject\",\"inLanguage\":\"fr-FR\",\"@id\":\"https:\\\/\\\/renouvdaaf.com\\\/#\\\/schema\\\/logo\\\/image\\\/\",\"url\":\"https:\\\/\\\/renouvdaaf.com\\\/wp-content\\\/uploads\\\/2026\\\/04\\\/renouvdaaf-logo-mails.jpg\",\"contentUrl\":\"https:\\\/\\\/renouvdaaf.com\\\/wp-content\\\/uploads\\\/2026\\\/04\\\/renouvdaaf-logo-mails.jpg\",\"width\":501,\"height\":62,\"caption\":\"Renouvdaaf\"},\"image\":{\"@id\":\"https:\\\/\\\/renouvdaaf.com\\\/#\\\/schema\\\/logo\\\/image\\\/\"}}]}<\/script>\n<!-- \/ Yoast SEO plugin. -->","yoast_head_json":{"title":"ANGELEYE 50501-AE-FR - Renouvdaaf","robots":{"index":"index","follow":"follow","max-snippet":"max-snippet:-1","max-image-preview":"max-image-preview:large","max-video-preview":"max-video-preview:-1"},"canonical":"https:\/\/renouvdaaf.com\/index.php\/produit\/angeleye-50501-ae-fr\/","og_locale":"fr_FR","og_type":"article","og_title":"ANGELEYE 50501-AE-FR - Renouvdaaf","og_url":"https:\/\/renouvdaaf.com\/index.php\/produit\/angeleye-50501-ae-fr\/","og_site_name":"Renouvdaaf","article_modified_time":"2026-05-05T09:23:26+00:00","og_image":[{"width":1600,"height":1200,"url":"https:\/\/renouvdaaf.com\/wp-content\/uploads\/2026\/03\/detecteur-de-fumee-brk-sa410.jpg","type":"image\/jpeg"}],"twitter_card":"summary_large_image","twitter_misc":{"Dur\u00e9e de lecture estim\u00e9e":"1 minute"},"schema":{"@context":"https:\/\/schema.org","@graph":[{"@type":"WebPage","@id":"https:\/\/renouvdaaf.com\/index.php\/produit\/angeleye-50501-ae-fr\/","url":"https:\/\/renouvdaaf.com\/index.php\/produit\/angeleye-50501-ae-fr\/","name":"ANGELEYE 50501-AE-FR - Renouvdaaf","isPartOf":{"@id":"https:\/\/renouvdaaf.com\/#website"},"primaryImageOfPage":{"@id":"https:\/\/renouvdaaf.com\/index.php\/produit\/angeleye-50501-ae-fr\/#primaryimage"},"image":{"@id":"https:\/\/renouvdaaf.com\/index.php\/produit\/angeleye-50501-ae-fr\/#primaryimage"},"thumbnailUrl":"https:\/\/renouvdaaf.com\/wp-content\/uploads\/2026\/03\/detecteur-de-fumee-brk-sa410.jpg","datePublished":"2026-04-09T14:57:50+00:00","dateModified":"2026-05-05T09:23:26+00:00","breadcrumb":{"@id":"https:\/\/renouvdaaf.com\/index.php\/produit\/angeleye-50501-ae-fr\/#breadcrumb"},"inLanguage":"fr-FR","potentialAction":[{"@type":"ReadAction","target":["https:\/\/renouvdaaf.com\/index.php\/produit\/angeleye-50501-ae-fr\/"]}]},{"@type":"ImageObject","inLanguage":"fr-FR","@id":"https:\/\/renouvdaaf.com\/index.php\/produit\/angeleye-50501-ae-fr\/#primaryimage","url":"https:\/\/renouvdaaf.com\/wp-content\/uploads\/2026\/03\/detecteur-de-fumee-brk-sa410.jpg","contentUrl":"https:\/\/renouvdaaf.com\/wp-content\/uploads\/2026\/03\/detecteur-de-fumee-brk-sa410.jpg","width":1600,"height":1200},{"@type":"BreadcrumbList","@id":"https:\/\/renouvdaaf.com\/index.php\/produit\/angeleye-50501-ae-fr\/#breadcrumb","itemListElement":[{"@type":"ListItem","position":1,"name":"Accueil","item":"https:\/\/renouvdaaf.com\/"},{"@type":"ListItem","position":2,"name":"Shop","item":"https:\/\/renouvdaaf.com\/index.php\/shop\/"},{"@type":"ListItem","position":3,"name":"ANGELEYE 50501-AE-FR"}]},{"@type":"WebSite","@id":"https:\/\/renouvdaaf.com\/#website","url":"https:\/\/renouvdaaf.com\/","name":"Renouvdaaf","description":"S\u00e9curit\u00e9 incendie sans per\u00e7age","publisher":{"@id":"https:\/\/renouvdaaf.com\/#organization"},"potentialAction":[{"@type":"SearchAction","target":{"@type":"EntryPoint","urlTemplate":"https:\/\/renouvdaaf.com\/?s={search_term_string}"},"query-input":{"@type":"PropertyValueSpecification","valueRequired":true,"valueName":"search_term_string"}}],"inLanguage":"fr-FR"},{"@type":"Organization","@id":"https:\/\/renouvdaaf.com\/#organization","name":"Renouvdaaf","url":"https:\/\/renouvdaaf.com\/","logo":{"@type":"ImageObject","inLanguage":"fr-FR","@id":"https:\/\/renouvdaaf.com\/#\/schema\/logo\/image\/","url":"https:\/\/renouvdaaf.com\/wp-content\/uploads\/2026\/04\/renouvdaaf-logo-mails.jpg","contentUrl":"https:\/\/renouvdaaf.com\/wp-content\/uploads\/2026\/04\/renouvdaaf-logo-mails.jpg","width":501,"height":62,"caption":"Renouvdaaf"},"image":{"@id":"https:\/\/renouvdaaf.com\/#\/schema\/logo\/image\/"}}]}},"_links":{"self":[{"href":"https:\/\/renouvdaaf.com\/index.php\/wp-json\/wp\/v2\/product\/313","targetHints":{"allow":["GET"]}}],"collection":[{"href":"https:\/\/renouvdaaf.com\/index.php\/wp-json\/wp\/v2\/product"}],"about":[{"href":"https:\/\/renouvdaaf.com\/index.php\/wp-json\/wp\/v2\/types\/product"}],"replies":[{"embeddable":true,"href":"https:\/\/renouvdaaf.com\/index.php\/wp-json\/wp\/v2\/comments?post=313"}],"wp:featuredmedia":[{"embeddable":true,"href":"https:\/\/renouvdaaf.com\/index.php\/wp-json\/wp\/v2\/media\/27"}],"wp:attachment":[{"href":"https:\/\/renouvdaaf.com\/index.php\/wp-json\/wp\/v2\/media?parent=313"}],"wp:term":[{"taxonomy":"product_brand","embeddable":true,"href":"https:\/\/renouvdaaf.com\/index.php\/wp-json\/wp\/v2\/product_brand?post=313"},{"taxonomy":"product_cat","embeddable":true,"href":"https:\/\/renouvdaaf.com\/index.php\/wp-json\/wp\/v2\/product_cat?post=313"},{"taxonomy":"product_tag","embeddable":true,"href":"https:\/\/renouvdaaf.com\/index.php\/wp-json\/wp\/v2\/product_tag?post=313"}],"curies":[{"name":"wp","href":"https:\/\/api.w.org\/{rel}","templated":true}]}}